{"id":6087,"date":"2020-11-05T10:48:04","date_gmt":"2020-11-05T09:48:04","guid":{"rendered":"http:\/\/www.vinarstvi-kovar.cz\/?page_id=6087"},"modified":"2025-05-16T06:41:08","modified_gmt":"2025-05-16T04:41:08","slug":"page_id6087","status":"publish","type":"page","link":"https:\/\/www.vinarstvi-kovar.cz\/en\/page_id6087\/","title":{"rendered":"Cart"},"content":{"rendered":"<p><span style=\"color: #000000;\"><em><strong>!!!<\/strong> Z d\u016fvodu \u0161patn\u00e9 spolupr\u00e1ce se slovensk\u00fdmi dodavateli neodes\u00edl\u00e1me z\u00e1silky na Slovenskou republiku. Za vznikl\u00e9 komplikace se omlouv\u00e1me!!!<\/em><\/span><\/p>\n\n\n<p><\/p>","protected":false},"excerpt":{"rendered":"<p>!!! Z d\u016fvodu \u0161patn\u00e9 spolupr\u00e1ce se slovensk\u00fdmi dodavateli neodes\u00edl\u00e1me z\u00e1silky na Slovenskou republiku. Za vznikl\u00e9 komplikace se omlouv\u00e1me!!!<\/p>","protected":false},"author":1,"featured_media":0,"parent":0,"menu_order":0,"comment_status":"closed","ping_status":"closed","template":"","meta":{"_coblocks_attr":"","_coblocks_dimensions":"","_coblocks_responsive_height":"","_coblocks_accordion_ie_support":""},"_links":{"self":[{"href":"https:\/\/www.vinarstvi-kovar.cz\/en\/wp-json\/wp\/v2\/pages\/6087"}],"collection":[{"href":"https:\/\/www.vinarstvi-kovar.cz\/en\/wp-json\/wp\/v2\/pages"}],"about":[{"href":"https:\/\/www.vinarstvi-kovar.cz\/en\/wp-json\/wp\/v2\/types\/page"}],"author":[{"embeddable":true,"href":"https:\/\/www.vinarstvi-kovar.cz\/en\/wp-json\/wp\/v2\/users\/1"}],"replies":[{"embeddable":true,"href":"https:\/\/www.vinarstvi-kovar.cz\/en\/wp-json\/wp\/v2\/comments?post=6087"}],"version-history":[{"count":10,"href":"https:\/\/www.vinarstvi-kovar.cz\/en\/wp-json\/wp\/v2\/pages\/6087\/revisions"}],"predecessor-version":[{"id":7289,"href":"https:\/\/www.vinarstvi-kovar.cz\/en\/wp-json\/wp\/v2\/pages\/6087\/revisions\/7289"}],"wp:attachment":[{"href":"https:\/\/www.vinarstvi-kovar.cz\/en\/wp-json\/wp\/v2\/media?parent=6087"}],"curies":[{"name":"wp","href":"https:\/\/api.w.org\/{rel}","templated":true}]}}