{"id":6415,"date":"2020-11-24T13:57:23","date_gmt":"2020-11-24T12:57:23","guid":{"rendered":"http:\/\/www.vinarstvi-kovar.cz\/?post_type=product&#038;p=6415"},"modified":"2025-04-30T06:36:42","modified_gmt":"2025-04-30T04:36:42","slug":"degustacni-balicek-kolekce-6-vin","status":"publish","type":"product","link":"https:\/\/www.vinarstvi-kovar.cz\/en\/product\/degustacni-balicek-kolekce-6-vin\/","title":{"rendered":"Degusta\u010dn\u00ed bal\u00ed\u010dek (kolekce 6 v\u00edn)"},"content":{"rendered":"","protected":false},"excerpt":{"rendered":"<p>Degusta\u010dn\u00ed bal\u00ed\u010dek obsahuje kolekci 6 v\u00edn, kter\u00e9 jsou vhodn\u00e9 pro ka\u017ed\u00fd okam\u017eik.<\/p>\n<p><em>Mu\u0161k\u00e1t Moravsk\u00fd 2024 &#8211; Pozdn\u00ed sb\u011br<\/em><br \/>\n<em>Pinot blanc SigNatura 2022 &#8211; Pozdn\u00ed sb\u011br<\/em><br \/>\n<em>Riesling SigNatura 2023\u00a0 &#8211; Pozdn\u00ed sb\u011br<\/em><br \/>\n<em>Ros\u00e9 2024 &#8211; Pozdn\u00ed sb\u011br<br \/>\nRivaner 2024 &#8211; Pozdn\u00ed sb\u011br<br \/>\nPinot noir 2022- Pozdn\u00ed sb\u011br<\/em><\/p>","protected":false},"featured_media":7079,"template":"","meta":{"_coblocks_attr":"","_coblocks_dimensions":"","_coblocks_responsive_height":"","_coblocks_accordion_ie_support":""},"_links":{"self":[{"href":"https:\/\/www.vinarstvi-kovar.cz\/en\/wp-json\/wp\/v2\/product\/6415"}],"collection":[{"href":"https:\/\/www.vinarstvi-kovar.cz\/en\/wp-json\/wp\/v2\/product"}],"about":[{"href":"https:\/\/www.vinarstvi-kovar.cz\/en\/wp-json\/wp\/v2\/types\/product"}],"version-history":[{"count":14,"href":"https:\/\/www.vinarstvi-kovar.cz\/en\/wp-json\/wp\/v2\/product\/6415\/revisions"}],"predecessor-version":[{"id":7240,"href":"https:\/\/www.vinarstvi-kovar.cz\/en\/wp-json\/wp\/v2\/product\/6415\/revisions\/7240"}],"wp:featuredmedia":[{"embeddable":true,"href":"https:\/\/www.vinarstvi-kovar.cz\/en\/wp-json\/wp\/v2\/media\/7079"}],"wp:attachment":[{"href":"https:\/\/www.vinarstvi-kovar.cz\/en\/wp-json\/wp\/v2\/media?parent=6415"}],"curies":[{"name":"wp","href":"https:\/\/api.w.org\/{rel}","templated":true}]}}