{"id":6829,"date":"2024-05-08T15:09:46","date_gmt":"2024-05-08T13:09:46","guid":{"rendered":"http:\/\/www.vinarstvi-kovar.cz\/?post_type=product&#038;p=6829"},"modified":"2025-04-30T06:33:39","modified_gmt":"2025-04-30T04:33:39","slug":"degustacni-srovnavaci-balicek-kolekce-6-vin","status":"publish","type":"product","link":"https:\/\/www.vinarstvi-kovar.cz\/en\/product\/degustacni-srovnavaci-balicek-kolekce-6-vin\/","title":{"rendered":"Degusta\u010dn\u00ed srovn\u00e1vac\u00ed bal\u00ed\u010dek (kolekce 6 v\u00edn)"},"content":{"rendered":"","protected":false},"excerpt":{"rendered":"<p>Srovn\u00e1vac\u00ed bal\u00ed\u010dek v\u00edn obsahuje skv\u011bl\u00e1 v\u00edna, kter\u00e1 mus\u00edte vyzkou\u0161et. Porovnejte \u0159adu Classic a \u0159adu SigNatura. V\u00edna se hod\u00ed ke speci\u00e1ln\u00edm okam\u017eik\u016fm va\u0161eho \u017eivota.<\/p>\n<p><i>Riesling 2023 &#8211; pozdn\u00ed sb\u011br<br \/>\nRiesling 2022 &#8211; pozdn\u00ed sb\u011br<br \/>\nRulandsk\u00e9 b\u00edl\u00e9 2023 &#8211; pozdn\u00ed sb\u011br<br \/>\nPinot blanc SigNatura 2022 &#8211; pozdn\u00ed sb\u011br<br \/>\nTram\u00edn \u010derven\u00fd 2024- moravsk\u00e9 zemsk\u00e9 v\u00edno<br \/>\nTram\u00edn 2023- Moravsk\u00e9 zemsk\u00e9 v\u00edno<\/i><\/p>","protected":false},"featured_media":7107,"template":"","meta":{"_coblocks_attr":"","_coblocks_dimensions":"","_coblocks_responsive_height":"","_coblocks_accordion_ie_support":""},"_links":{"self":[{"href":"https:\/\/www.vinarstvi-kovar.cz\/en\/wp-json\/wp\/v2\/product\/6829"}],"collection":[{"href":"https:\/\/www.vinarstvi-kovar.cz\/en\/wp-json\/wp\/v2\/product"}],"about":[{"href":"https:\/\/www.vinarstvi-kovar.cz\/en\/wp-json\/wp\/v2\/types\/product"}],"version-history":[{"count":8,"href":"https:\/\/www.vinarstvi-kovar.cz\/en\/wp-json\/wp\/v2\/product\/6829\/revisions"}],"predecessor-version":[{"id":7234,"href":"https:\/\/www.vinarstvi-kovar.cz\/en\/wp-json\/wp\/v2\/product\/6829\/revisions\/7234"}],"wp:featuredmedia":[{"embeddable":true,"href":"https:\/\/www.vinarstvi-kovar.cz\/en\/wp-json\/wp\/v2\/media\/7107"}],"wp:attachment":[{"href":"https:\/\/www.vinarstvi-kovar.cz\/en\/wp-json\/wp\/v2\/media?parent=6829"}],"curies":[{"name":"wp","href":"https:\/\/api.w.org\/{rel}","templated":true}]}}