{"id":6983,"date":"2024-11-25T13:58:53","date_gmt":"2024-11-25T12:58:53","guid":{"rendered":"http:\/\/www.vinarstvi-kovar.cz\/?post_type=product&#038;p=6983"},"modified":"2025-03-19T21:46:48","modified_gmt":"2025-03-19T20:46:48","slug":"darkove-baleni-na-1-ks","status":"publish","type":"product","link":"https:\/\/www.vinarstvi-kovar.cz\/en\/product\/darkove-baleni-na-1-ks\/","title":{"rendered":"D\u00e1rkov\u00e9 balen\u00ed na 1 ks"},"content":{"rendered":"","protected":false},"excerpt":{"rendered":"<p>D\u00e1rkov\u00e9 balen\u00ed na 1 ks l\u00e1hve v\u00edna v p\u0159\u00edrodn\u00edm d\u0159ev\u011bn\u00e9m proveden\u00ed. I s mo\u017enost\u00ed glav\u00edrov\u00e1n\u00ed textu dle Va\u0161eho p\u0159\u00e1n\u00ed.<\/p>","protected":false},"featured_media":7100,"template":"","meta":{"_coblocks_attr":"","_coblocks_dimensions":"","_coblocks_responsive_height":"","_coblocks_accordion_ie_support":""},"_links":{"self":[{"href":"https:\/\/www.vinarstvi-kovar.cz\/en\/wp-json\/wp\/v2\/product\/6983"}],"collection":[{"href":"https:\/\/www.vinarstvi-kovar.cz\/en\/wp-json\/wp\/v2\/product"}],"about":[{"href":"https:\/\/www.vinarstvi-kovar.cz\/en\/wp-json\/wp\/v2\/types\/product"}],"version-history":[{"count":5,"href":"https:\/\/www.vinarstvi-kovar.cz\/en\/wp-json\/wp\/v2\/product\/6983\/revisions"}],"predecessor-version":[{"id":6989,"href":"https:\/\/www.vinarstvi-kovar.cz\/en\/wp-json\/wp\/v2\/product\/6983\/revisions\/6989"}],"wp:featuredmedia":[{"embeddable":true,"href":"https:\/\/www.vinarstvi-kovar.cz\/en\/wp-json\/wp\/v2\/media\/7100"}],"wp:attachment":[{"href":"https:\/\/www.vinarstvi-kovar.cz\/en\/wp-json\/wp\/v2\/media?parent=6983"}],"curies":[{"name":"wp","href":"https:\/\/api.w.org\/{rel}","templated":true}]}}