{"id":7004,"date":"2025-01-08T14:05:14","date_gmt":"2025-01-08T13:05:14","guid":{"rendered":"http:\/\/www.vinarstvi-kovar.cz\/?post_type=product&#038;p=7004"},"modified":"2025-04-25T21:22:14","modified_gmt":"2025-04-25T19:22:14","slug":"riesling-2022","status":"publish","type":"product","link":"https:\/\/www.vinarstvi-kovar.cz\/en\/product\/riesling-2022\/","title":{"rendered":"Riesling 2022"},"content":{"rendered":"<div data-elementor-type=\"wp-post\" data-elementor-id=\"7004\" class=\"elementor elementor-7004\" data-elementor-settings=\"[]\">\n\t\t\t\t\t\t<div class=\"elementor-inner\">\n\t\t\t\t\t\t\t<div class=\"elementor-section-wrap\">\n\t\t\t\t\t\t\t<section class=\"elementor-section elementor-top-section elementor-element elementor-element-1561a4a1 elementor-section-boxed elementor-section-height-default elementor-section-height-default\" data-id=\"1561a4a1\" data-element_type=\"section\">\n\t\t\t\t\t\t<div class=\"elementor-container elementor-column-gap-default\">\n\t\t\t\t\t\t\t<div class=\"elementor-row\">\n\t\t\t\t\t<div class=\"elementor-column elementor-col-100 elementor-top-column elementor-element elementor-element-746a9399\" data-id=\"746a9399\" data-element_type=\"column\">\n\t\t\t<div class=\"elementor-column-wrap elementor-element-populated\">\n\t\t\t\t\t\t\t<div class=\"elementor-widget-wrap\">\n\t\t\t\t\t\t<div class=\"elementor-element elementor-element-7830ebbc elementor-widget elementor-widget-text-editor\" data-id=\"7830ebbc\" data-element_type=\"widget\" data-widget_type=\"text-editor.default\">\n\t\t\t\t<div class=\"elementor-widget-container\">\n\t\t\t\t\t<div class=\"elementor-text-editor elementor-clearfix\"><\/div>\n\t\t\t\t<\/div>\n\t\t\t\t<\/div>\n\t\t\t\t\t\t<\/div>\n\t\t\t\t\t<\/div>\n\t\t<\/div>\n\t\t\t\t\t\t\t\t<\/div>\n\t\t\t\t\t<\/div>\n\t\t<\/section>\n\t\t\t\t\t\t<\/div>\n\t\t\t\t\t\t<\/div>\n\t\t\t\t\t<\/div>","protected":false},"excerpt":{"rendered":"<p>V\u00edno z trati Star\u00e1 Hora, severn\u00ed \u010d\u00e1sti Slov\u00e1ck\u00e9 podoblasti, kter\u00e9 zr\u00e1lo 12 m\u011bs\u00edc\u016f na kalech v ak\u00e1tov\u00e9m sudu a pot\u00e9 12 m\u011bs\u00edc\u016f na jemn\u00fdch kvasnic\u00edch v dubov\u00e9m sudu, kde bylo pe\u010dliv\u011b hl\u00edd\u00e1no a minim\u00e1ln\u011b m\u00edch\u00e1no.<\/p>","protected":false},"featured_media":7111,"template":"","meta":{"_coblocks_attr":"","_coblocks_dimensions":"","_coblocks_responsive_height":"","_coblocks_accordion_ie_support":""},"_links":{"self":[{"href":"https:\/\/www.vinarstvi-kovar.cz\/en\/wp-json\/wp\/v2\/product\/7004"}],"collection":[{"href":"https:\/\/www.vinarstvi-kovar.cz\/en\/wp-json\/wp\/v2\/product"}],"about":[{"href":"https:\/\/www.vinarstvi-kovar.cz\/en\/wp-json\/wp\/v2\/types\/product"}],"version-history":[{"count":5,"href":"https:\/\/www.vinarstvi-kovar.cz\/en\/wp-json\/wp\/v2\/product\/7004\/revisions"}],"predecessor-version":[{"id":7184,"href":"https:\/\/www.vinarstvi-kovar.cz\/en\/wp-json\/wp\/v2\/product\/7004\/revisions\/7184"}],"wp:featuredmedia":[{"embeddable":true,"href":"https:\/\/www.vinarstvi-kovar.cz\/en\/wp-json\/wp\/v2\/media\/7111"}],"wp:attachment":[{"href":"https:\/\/www.vinarstvi-kovar.cz\/en\/wp-json\/wp\/v2\/media?parent=7004"}],"curies":[{"name":"wp","href":"https:\/\/api.w.org\/{rel}","templated":true}]}}