{"id":7017,"date":"2025-03-11T09:58:07","date_gmt":"2025-03-11T08:58:07","guid":{"rendered":"http:\/\/www.vinarstvi-kovar.cz\/?post_type=product&#038;p=7017"},"modified":"2026-03-17T15:53:09","modified_gmt":"2026-03-17T14:53:09","slug":"rivaner-2025","status":"publish","type":"product","link":"https:\/\/www.vinarstvi-kovar.cz\/en\/product\/rivaner-2025\/","title":{"rendered":"Rivaner 2025"},"content":{"rendered":"","protected":false},"excerpt":{"rendered":"<p>Sv\u011b\u017e\u00ed M\u00fcller Thurgau se zlato-zelen\u00fdm odst\u00ednem s\u00a0v\u016fn\u00ed lu\u010dn\u00ed tr\u00e1vy. P\u0159\u00edjemn\u00e1 chu\u0165 zelen\u00e9ho jabl\u00ed\u010dka, vinohradnick\u00e9 broskve a angre\u0161tu s\u00a0dotykem jemn\u00e9 kyselinky a zbytkov\u00e9ho cukru.<\/p>\n<p>&nbsp;<\/p>","protected":false},"featured_media":7090,"template":"","meta":{"_coblocks_attr":"","_coblocks_dimensions":"","_coblocks_responsive_height":"","_coblocks_accordion_ie_support":""},"_links":{"self":[{"href":"https:\/\/www.vinarstvi-kovar.cz\/en\/wp-json\/wp\/v2\/product\/7017"}],"collection":[{"href":"https:\/\/www.vinarstvi-kovar.cz\/en\/wp-json\/wp\/v2\/product"}],"about":[{"href":"https:\/\/www.vinarstvi-kovar.cz\/en\/wp-json\/wp\/v2\/types\/product"}],"version-history":[{"count":10,"href":"https:\/\/www.vinarstvi-kovar.cz\/en\/wp-json\/wp\/v2\/product\/7017\/revisions"}],"predecessor-version":[{"id":7326,"href":"https:\/\/www.vinarstvi-kovar.cz\/en\/wp-json\/wp\/v2\/product\/7017\/revisions\/7326"}],"wp:featuredmedia":[{"embeddable":true,"href":"https:\/\/www.vinarstvi-kovar.cz\/en\/wp-json\/wp\/v2\/media\/7090"}],"wp:attachment":[{"href":"https:\/\/www.vinarstvi-kovar.cz\/en\/wp-json\/wp\/v2\/media?parent=7017"}],"curies":[{"name":"wp","href":"https:\/\/api.w.org\/{rel}","templated":true}]}}