{"id":7019,"date":"2025-03-11T10:11:17","date_gmt":"2025-03-11T09:11:17","guid":{"rendered":"http:\/\/www.vinarstvi-kovar.cz\/?post_type=product&#038;p=7019"},"modified":"2026-03-17T16:03:11","modified_gmt":"2026-03-17T15:03:11","slug":"tramin-cerveny-2025","status":"publish","type":"product","link":"https:\/\/www.vinarstvi-kovar.cz\/en\/product\/tramin-cerveny-2025\/","title":{"rendered":"Tram\u00edn \u010derven\u00fd 2025"},"content":{"rendered":"","protected":false},"excerpt":{"rendered":"<div class=\"__fb-light-mode x1n2onr6\" role=\"row\">\n<div class=\"\">\n<div class=\"x78zum5 xdt5ytf x1n2onr6\" tabindex=\"0\" role=\"gridcell\" data-release-focus-from=\"CLICK\" data-scope=\"messages_table\">\n<div class=\"x78zum5\" role=\"none\">\n<div class=\"x78zum5 x1iyjqo2 xs83m0k xeuugli\" role=\"none\">\n<div class=\"x1h91t0o xkh2ocl x78zum5 xdt5ytf x13a6bvl xcrg951 x1r145dm\" role=\"none\">\n<div class=\"x78zum5 xh8yej3\" role=\"none\">\n<div class=\"x1cy8zhl x78zum5 xdt5ytf x193iq5w x1n2onr6\">\n<div class=\"x78zum5 xh8yej3\" role=\"none\">\n<div class=\"x1g8br2z x1gn5b1j x14ctfv x1okitfd x6ikm8r x10wlt62 x1mzt3pk x1y1aw1k xn6708d xwib8y2 x1ye3gou x1n2onr6 x13faqbe x1vjfegm x1lcm9me x10y3i5r\" role=\"none\">\n<div class=\"x9f619 x1n2onr6 x1ja2u2z __fb-light-mode\" role=\"none\">\n<div class=\"x6prxxf x1fc57z9 x1yc453h x126k92a xzsf02u\" dir=\"auto\" role=\"none\">\n<p>V\u00edno zlato\u017elut\u00e9 barvy. V\u016fn\u011b fialek je dopln\u011bna t\u00f3ny tropick\u00e9ho ovoce. V\u00a0chuti pln\u00e9, s\u00a0ni\u017e\u0161\u00ed kyselinkou, ovocn\u00e9 t\u00f3ny p\u0159ipom\u00ednaj\u00edc\u00ed li\u010di, mango, med a kandovan\u00e9 ovoce.<\/p>\n<p>&nbsp;<\/p>\n<\/div>\n<\/div>\n<\/div>\n<div class=\"x1h91t0o xkh2ocl x78zum5 xdt5ytf x13a6bvl x193iq5w x1iyjqo2 xcrg951\" role=\"none\">\n<div class=\"x1r8uery x1iyjqo2\" role=\"none\"><\/div>\n<\/div>\n<\/div>\n<\/div>\n<\/div>\n<\/div>\n<\/div>\n<\/div>\n<\/div>\n<\/div>\n<\/div>","protected":false},"featured_media":7089,"template":"","meta":{"_coblocks_attr":"","_coblocks_dimensions":"","_coblocks_responsive_height":"","_coblocks_accordion_ie_support":""},"_links":{"self":[{"href":"https:\/\/www.vinarstvi-kovar.cz\/en\/wp-json\/wp\/v2\/product\/7019"}],"collection":[{"href":"https:\/\/www.vinarstvi-kovar.cz\/en\/wp-json\/wp\/v2\/product"}],"about":[{"href":"https:\/\/www.vinarstvi-kovar.cz\/en\/wp-json\/wp\/v2\/types\/product"}],"version-history":[{"count":10,"href":"https:\/\/www.vinarstvi-kovar.cz\/en\/wp-json\/wp\/v2\/product\/7019\/revisions"}],"predecessor-version":[{"id":7328,"href":"https:\/\/www.vinarstvi-kovar.cz\/en\/wp-json\/wp\/v2\/product\/7019\/revisions\/7328"}],"wp:featuredmedia":[{"embeddable":true,"href":"https:\/\/www.vinarstvi-kovar.cz\/en\/wp-json\/wp\/v2\/media\/7089"}],"wp:attachment":[{"href":"https:\/\/www.vinarstvi-kovar.cz\/en\/wp-json\/wp\/v2\/media?parent=7019"}],"curies":[{"name":"wp","href":"https:\/\/api.w.org\/{rel}","templated":true}]}}