{"id":7021,"date":"2025-03-11T10:16:44","date_gmt":"2025-03-11T09:16:44","guid":{"rendered":"http:\/\/www.vinarstvi-kovar.cz\/?post_type=product&#038;p=7021"},"modified":"2026-03-17T16:40:43","modified_gmt":"2026-03-17T15:40:43","slug":"rose-2024","status":"publish","type":"product","link":"https:\/\/www.vinarstvi-kovar.cz\/en\/product\/rose-2024\/","title":{"rendered":"Rose (Andr\u00e9) 2024"},"content":{"rendered":"","protected":false},"excerpt":{"rendered":"<p>R\u016f\u017eov\u00e9 Andr\u00e9, u kter\u00e9ho byly lisov\u00e1ny cel\u00e9 hrozny, s kr\u00e1snou lososovou barvou. Uc\u00edt\u00edte v\u016fni lesn\u00edch jahod a \u00a0ostru\u017einov\u00fdch l\u00edstk\u016f. V chuti sv\u011b\u017e\u00ed s ovocn\u00fdmi t\u00f3ny a pikantn\u00ed kyselinkou.<\/p>","protected":false},"featured_media":7096,"template":"","meta":{"_coblocks_attr":"","_coblocks_dimensions":"","_coblocks_responsive_height":"","_coblocks_accordion_ie_support":""},"_links":{"self":[{"href":"https:\/\/www.vinarstvi-kovar.cz\/en\/wp-json\/wp\/v2\/product\/7021"}],"collection":[{"href":"https:\/\/www.vinarstvi-kovar.cz\/en\/wp-json\/wp\/v2\/product"}],"about":[{"href":"https:\/\/www.vinarstvi-kovar.cz\/en\/wp-json\/wp\/v2\/types\/product"}],"version-history":[{"count":8,"href":"https:\/\/www.vinarstvi-kovar.cz\/en\/wp-json\/wp\/v2\/product\/7021\/revisions"}],"predecessor-version":[{"id":7332,"href":"https:\/\/www.vinarstvi-kovar.cz\/en\/wp-json\/wp\/v2\/product\/7021\/revisions\/7332"}],"wp:featuredmedia":[{"embeddable":true,"href":"https:\/\/www.vinarstvi-kovar.cz\/en\/wp-json\/wp\/v2\/media\/7096"}],"wp:attachment":[{"href":"https:\/\/www.vinarstvi-kovar.cz\/en\/wp-json\/wp\/v2\/media?parent=7021"}],"curies":[{"name":"wp","href":"https:\/\/api.w.org\/{rel}","templated":true}]}}