{"id":7025,"date":"2025-03-11T10:27:55","date_gmt":"2025-03-11T09:27:55","guid":{"rendered":"http:\/\/www.vinarstvi-kovar.cz\/?post_type=product&#038;p=7025"},"modified":"2026-03-17T16:07:41","modified_gmt":"2026-03-17T15:07:41","slug":"hibernal-2025","status":"publish","type":"product","link":"https:\/\/www.vinarstvi-kovar.cz\/en\/product\/hibernal-2025\/","title":{"rendered":"Hibernal 2025"},"content":{"rendered":"","protected":false},"excerpt":{"rendered":"<p>Jiskrn\u00e1, zelenkav\u011b \u017elut\u00e1 barva. V\u016fn\u011b je intenzivn\u011bj\u0161\u00ed, p\u0159ipom\u00ednaj\u00edc\u00ed \u010derstv\u00e9 bylinky, m\u00e1tu, limetky nebo\u00a0r\u016f\u017eov\u00fd grep. Chu\u0165 je pln\u011bj\u0161\u00ed a intenzivn\u011bj\u0161\u00ed, s t\u00f3ny grilovan\u00e9ho ananasu s m\u00e1tou, r\u016f\u017eov\u00e9ho grepu a osv\u011b\u017euj\u00edc\u00ed kyselinka.<\/p>","protected":false},"featured_media":7088,"template":"","meta":{"_coblocks_attr":"","_coblocks_dimensions":"","_coblocks_responsive_height":"","_coblocks_accordion_ie_support":""},"_links":{"self":[{"href":"https:\/\/www.vinarstvi-kovar.cz\/en\/wp-json\/wp\/v2\/product\/7025"}],"collection":[{"href":"https:\/\/www.vinarstvi-kovar.cz\/en\/wp-json\/wp\/v2\/product"}],"about":[{"href":"https:\/\/www.vinarstvi-kovar.cz\/en\/wp-json\/wp\/v2\/types\/product"}],"version-history":[{"count":9,"href":"https:\/\/www.vinarstvi-kovar.cz\/en\/wp-json\/wp\/v2\/product\/7025\/revisions"}],"predecessor-version":[{"id":7330,"href":"https:\/\/www.vinarstvi-kovar.cz\/en\/wp-json\/wp\/v2\/product\/7025\/revisions\/7330"}],"wp:featuredmedia":[{"embeddable":true,"href":"https:\/\/www.vinarstvi-kovar.cz\/en\/wp-json\/wp\/v2\/media\/7088"}],"wp:attachment":[{"href":"https:\/\/www.vinarstvi-kovar.cz\/en\/wp-json\/wp\/v2\/media?parent=7025"}],"curies":[{"name":"wp","href":"https:\/\/api.w.org\/{rel}","templated":true}]}}