{"id":7029,"date":"2025-03-11T10:41:05","date_gmt":"2025-03-11T09:41:05","guid":{"rendered":"http:\/\/www.vinarstvi-kovar.cz\/?post_type=product&#038;p=7029"},"modified":"2025-04-25T21:36:02","modified_gmt":"2025-04-25T19:36:02","slug":"rulandske-modre-2023","status":"publish","type":"product","link":"https:\/\/www.vinarstvi-kovar.cz\/en\/product\/rulandske-modre-2023\/","title":{"rendered":"Rulandsk\u00e9 modr\u00e9 2023"},"content":{"rendered":"","protected":false},"excerpt":{"rendered":"<p>V\u00edno m\u00e1 cihlov\u011b \u010dervenou barvu.\u00a0V\u00fdrazn\u00e1, ovocn\u00e1 v\u016fn\u011b s aroma t\u0159e\u0161n\u00ed, jahodov\u00e9 marmel\u00e1dy a povidel.<\/p>","protected":false},"featured_media":7085,"template":"","meta":{"_coblocks_attr":"","_coblocks_dimensions":"","_coblocks_responsive_height":"","_coblocks_accordion_ie_support":""},"_links":{"self":[{"href":"https:\/\/www.vinarstvi-kovar.cz\/en\/wp-json\/wp\/v2\/product\/7029"}],"collection":[{"href":"https:\/\/www.vinarstvi-kovar.cz\/en\/wp-json\/wp\/v2\/product"}],"about":[{"href":"https:\/\/www.vinarstvi-kovar.cz\/en\/wp-json\/wp\/v2\/types\/product"}],"version-history":[{"count":5,"href":"https:\/\/www.vinarstvi-kovar.cz\/en\/wp-json\/wp\/v2\/product\/7029\/revisions"}],"predecessor-version":[{"id":7211,"href":"https:\/\/www.vinarstvi-kovar.cz\/en\/wp-json\/wp\/v2\/product\/7029\/revisions\/7211"}],"wp:featuredmedia":[{"embeddable":true,"href":"https:\/\/www.vinarstvi-kovar.cz\/en\/wp-json\/wp\/v2\/media\/7085"}],"wp:attachment":[{"href":"https:\/\/www.vinarstvi-kovar.cz\/en\/wp-json\/wp\/v2\/media?parent=7029"}],"curies":[{"name":"wp","href":"https:\/\/api.w.org\/{rel}","templated":true}]}}