{"id":7033,"date":"2025-03-11T10:58:12","date_gmt":"2025-03-11T09:58:12","guid":{"rendered":"http:\/\/www.vinarstvi-kovar.cz\/?post_type=product&#038;p=7033"},"modified":"2025-04-25T21:25:14","modified_gmt":"2025-04-25T19:25:14","slug":"pinot-blanc-2022","status":"publish","type":"product","link":"https:\/\/www.vinarstvi-kovar.cz\/en\/product\/pinot-blanc-2022\/","title":{"rendered":"Pinot Blanc 2022"},"content":{"rendered":"<div data-elementor-type=\"wp-post\" data-elementor-id=\"7033\" class=\"elementor elementor-7033\" data-elementor-settings=\"[]\">\n\t\t\t\t\t\t<div class=\"elementor-inner\">\n\t\t\t\t\t\t\t<div class=\"elementor-section-wrap\">\n\t\t\t\t\t\t\t<section class=\"elementor-section elementor-top-section elementor-element elementor-element-462cf070 elementor-section-boxed elementor-section-height-default elementor-section-height-default\" data-id=\"462cf070\" data-element_type=\"section\">\n\t\t\t\t\t\t<div class=\"elementor-container elementor-column-gap-default\">\n\t\t\t\t\t\t\t<div class=\"elementor-row\">\n\t\t\t\t\t<div class=\"elementor-column elementor-col-100 elementor-top-column elementor-element elementor-element-62b3ce7\" data-id=\"62b3ce7\" data-element_type=\"column\">\n\t\t\t<div class=\"elementor-column-wrap elementor-element-populated\">\n\t\t\t\t\t\t\t<div class=\"elementor-widget-wrap\">\n\t\t\t\t\t\t<div class=\"elementor-element elementor-element-1149cb47 elementor-widget elementor-widget-text-editor\" data-id=\"1149cb47\" data-element_type=\"widget\" data-widget_type=\"text-editor.default\">\n\t\t\t\t<div class=\"elementor-widget-container\">\n\t\t\t\t\t<div class=\"elementor-text-editor elementor-clearfix\"><\/div>\n\t\t\t\t<\/div>\n\t\t\t\t<\/div>\n\t\t\t\t\t\t<\/div>\n\t\t\t\t\t<\/div>\n\t\t<\/div>\n\t\t\t\t\t\t\t\t<\/div>\n\t\t\t\t\t<\/div>\n\t\t<\/section>\n\t\t\t\t\t\t<\/div>\n\t\t\t\t\t\t<\/div>\n\t\t\t\t\t<\/div>","protected":false},"excerpt":{"rendered":"<p>Ve v\u016fni jemn\u00fd s t\u00f3ny pe\u010den\u00e9 chlebov\u00e9 k\u016frky a o\u0159\u00ed\u0161k\u016f. V chuti zelen\u00e9 jabl\u00ed\u010dka, vyle\u017eel\u00e9, lehce h\u0159ejiv\u00e9 s n\u00e1znakem m\u00e1slov\u00e9ho toustu a vanilky. V\u00edno zr\u00e1lo 12 m\u011bs\u00edc\u016f v\u00a0burgundsk\u00fdch sudech.<\/p>","protected":false},"featured_media":7086,"template":"","meta":{"_coblocks_attr":"","_coblocks_dimensions":"","_coblocks_responsive_height":"","_coblocks_accordion_ie_support":""},"_links":{"self":[{"href":"https:\/\/www.vinarstvi-kovar.cz\/en\/wp-json\/wp\/v2\/product\/7033"}],"collection":[{"href":"https:\/\/www.vinarstvi-kovar.cz\/en\/wp-json\/wp\/v2\/product"}],"about":[{"href":"https:\/\/www.vinarstvi-kovar.cz\/en\/wp-json\/wp\/v2\/types\/product"}],"version-history":[{"count":6,"href":"https:\/\/www.vinarstvi-kovar.cz\/en\/wp-json\/wp\/v2\/product\/7033\/revisions"}],"predecessor-version":[{"id":7189,"href":"https:\/\/www.vinarstvi-kovar.cz\/en\/wp-json\/wp\/v2\/product\/7033\/revisions\/7189"}],"wp:featuredmedia":[{"embeddable":true,"href":"https:\/\/www.vinarstvi-kovar.cz\/en\/wp-json\/wp\/v2\/media\/7086"}],"wp:attachment":[{"href":"https:\/\/www.vinarstvi-kovar.cz\/en\/wp-json\/wp\/v2\/media?parent=7033"}],"curies":[{"name":"wp","href":"https:\/\/api.w.org\/{rel}","templated":true}]}}