{"id":7035,"date":"2025-03-11T11:03:06","date_gmt":"2025-03-11T10:03:06","guid":{"rendered":"http:\/\/www.vinarstvi-kovar.cz\/?post_type=product&#038;p=7035"},"modified":"2025-05-06T12:10:57","modified_gmt":"2025-05-06T10:10:57","slug":"terra-2022","status":"publish","type":"product","link":"https:\/\/www.vinarstvi-kovar.cz\/en\/product\/terra-2022\/","title":{"rendered":"Terra 2022"},"content":{"rendered":"<div data-elementor-type=\"wp-post\" data-elementor-id=\"7035\" class=\"elementor elementor-7035\" data-elementor-settings=\"[]\">\n\t\t\t\t\t\t<div class=\"elementor-inner\">\n\t\t\t\t\t\t\t<div class=\"elementor-section-wrap\">\n\t\t\t\t\t\t\t<section class=\"elementor-section elementor-top-section elementor-element elementor-element-10d4ae1b elementor-section-boxed elementor-section-height-default elementor-section-height-default\" data-id=\"10d4ae1b\" data-element_type=\"section\">\n\t\t\t\t\t\t<div class=\"elementor-container elementor-column-gap-default\">\n\t\t\t\t\t\t\t<div class=\"elementor-row\">\n\t\t\t\t\t<div class=\"elementor-column elementor-col-100 elementor-top-column elementor-element elementor-element-39f3c2d5\" data-id=\"39f3c2d5\" data-element_type=\"column\">\n\t\t\t<div class=\"elementor-column-wrap elementor-element-populated\">\n\t\t\t\t\t\t\t<div class=\"elementor-widget-wrap\">\n\t\t\t\t\t\t<div class=\"elementor-element elementor-element-4f220b70 elementor-widget elementor-widget-text-editor\" data-id=\"4f220b70\" data-element_type=\"widget\" data-widget_type=\"text-editor.default\">\n\t\t\t\t<div class=\"elementor-widget-container\">\n\t\t\t\t\t<div class=\"elementor-text-editor elementor-clearfix\"><\/div>\n\t\t\t\t<\/div>\n\t\t\t\t<\/div>\n\t\t\t\t\t\t<\/div>\n\t\t\t\t\t<\/div>\n\t\t<\/div>\n\t\t\t\t\t\t\t\t<\/div>\n\t\t\t\t\t<\/div>\n\t\t<\/section>\n\t\t\t\t\t\t<\/div>\n\t\t\t\t\t\t<\/div>\n\t\t\t\t\t<\/div>","protected":false},"excerpt":{"rendered":"<p>Nejlep\u0161\u00ed hrozny ro\u010dn\u00edku z\u00a0Rulandy b\u00edl\u00e9. V\u00edno kvasilo a zr\u00e1lo spole\u010dn\u011b s\u00a0pod\u00edlem ru\u010dn\u011b trhan\u00fdch bobul\u00ed 12 m\u011bs\u00edc\u016f na hrub\u00fdch kalech v\u00a0dubov\u00e9m sudu, minim\u00e1ln\u00ed battonage pouze v\u00a0m\u011bs\u00ed\u010dn\u00ed f\u00e1zi \u00fapl\u0148ku. St\u00e1\u010den\u00ed do l\u00e1hv\u00ed po homeopatick\u00e9 d\u00e1vce s\u00edry bez filtrace. V\u00edno s\u00a0bohat\u00fdm a robustn\u00edm chu\u0165ov\u00fdm projevem.<\/p>","protected":false},"featured_media":7091,"template":"","meta":{"_coblocks_attr":"","_coblocks_dimensions":"","_coblocks_responsive_height":"","_coblocks_accordion_ie_support":""},"_links":{"self":[{"href":"https:\/\/www.vinarstvi-kovar.cz\/en\/wp-json\/wp\/v2\/product\/7035"}],"collection":[{"href":"https:\/\/www.vinarstvi-kovar.cz\/en\/wp-json\/wp\/v2\/product"}],"about":[{"href":"https:\/\/www.vinarstvi-kovar.cz\/en\/wp-json\/wp\/v2\/types\/product"}],"version-history":[{"count":7,"href":"https:\/\/www.vinarstvi-kovar.cz\/en\/wp-json\/wp\/v2\/product\/7035\/revisions"}],"predecessor-version":[{"id":7272,"href":"https:\/\/www.vinarstvi-kovar.cz\/en\/wp-json\/wp\/v2\/product\/7035\/revisions\/7272"}],"wp:featuredmedia":[{"embeddable":true,"href":"https:\/\/www.vinarstvi-kovar.cz\/en\/wp-json\/wp\/v2\/media\/7091"}],"wp:attachment":[{"href":"https:\/\/www.vinarstvi-kovar.cz\/en\/wp-json\/wp\/v2\/media?parent=7035"}],"curies":[{"name":"wp","href":"https:\/\/api.w.org\/{rel}","templated":true}]}}