{"id":7037,"date":"2025-03-11T11:08:36","date_gmt":"2025-03-11T10:08:36","guid":{"rendered":"http:\/\/www.vinarstvi-kovar.cz\/?post_type=product&#038;p=7037"},"modified":"2025-04-21T15:21:58","modified_gmt":"2025-04-21T13:21:58","slug":"riesling-2023","status":"publish","type":"product","link":"https:\/\/www.vinarstvi-kovar.cz\/en\/product\/riesling-2023\/","title":{"rendered":"Riesling 2023"},"content":{"rendered":"<div data-elementor-type=\"wp-post\" data-elementor-id=\"7037\" class=\"elementor elementor-7037\" data-elementor-settings=\"[]\">\n\t\t\t\t\t\t<div class=\"elementor-inner\">\n\t\t\t\t\t\t\t<div class=\"elementor-section-wrap\">\n\t\t\t\t\t\t\t<section class=\"elementor-section elementor-top-section elementor-element elementor-element-37b57821 elementor-section-boxed elementor-section-height-default elementor-section-height-default\" data-id=\"37b57821\" data-element_type=\"section\">\n\t\t\t\t\t\t<div class=\"elementor-container elementor-column-gap-default\">\n\t\t\t\t\t\t\t<div class=\"elementor-row\">\n\t\t\t\t\t<div class=\"elementor-column elementor-col-100 elementor-top-column elementor-element elementor-element-1617e7ae\" data-id=\"1617e7ae\" data-element_type=\"column\">\n\t\t\t<div class=\"elementor-column-wrap elementor-element-populated\">\n\t\t\t\t\t\t\t<div class=\"elementor-widget-wrap\">\n\t\t\t\t\t\t<div class=\"elementor-element elementor-element-2aea380 elementor-widget elementor-widget-text-editor\" data-id=\"2aea380\" data-element_type=\"widget\" data-widget_type=\"text-editor.default\">\n\t\t\t\t<div class=\"elementor-widget-container\">\n\t\t\t\t\t<div class=\"elementor-text-editor elementor-clearfix\"><\/div>\n\t\t\t\t<\/div>\n\t\t\t\t<\/div>\n\t\t\t\t\t\t<\/div>\n\t\t\t\t\t<\/div>\n\t\t<\/div>\n\t\t\t\t\t\t\t\t<\/div>\n\t\t\t\t\t<\/div>\n\t\t<\/section>\n\t\t\t\t\t\t<\/div>\n\t\t\t\t\t\t<\/div>\n\t\t\t\t\t<\/div>","protected":false},"excerpt":{"rendered":"<p>Syt\u011b \u017elut\u00e1 barva s\u00a0jantarov\u00fdmi odlesky, \u010dist\u00e1, vyzr\u00e1l\u00e1 v\u016fn\u011b s\u00a0t\u00f3ninou \u017elut\u00fdch kv\u011bt\u016f, pomeran\u010d\u016f a nektarinek. \u0160\u0165avnat\u00e1, intenzivn\u00ed a miner\u00e1ln\u00ed chu\u0165 s\u00a0dobrou kyselinou p\u0159ipom\u00ednaj\u00edc\u00ed bobulov\u00e9 a citrusov\u00e9 plody.<\/p>","protected":false},"featured_media":7095,"template":"","meta":{"_coblocks_attr":"","_coblocks_dimensions":"","_coblocks_responsive_height":"","_coblocks_accordion_ie_support":""},"_links":{"self":[{"href":"https:\/\/www.vinarstvi-kovar.cz\/en\/wp-json\/wp\/v2\/product\/7037"}],"collection":[{"href":"https:\/\/www.vinarstvi-kovar.cz\/en\/wp-json\/wp\/v2\/product"}],"about":[{"href":"https:\/\/www.vinarstvi-kovar.cz\/en\/wp-json\/wp\/v2\/types\/product"}],"version-history":[{"count":7,"href":"https:\/\/www.vinarstvi-kovar.cz\/en\/wp-json\/wp\/v2\/product\/7037\/revisions"}],"predecessor-version":[{"id":7180,"href":"https:\/\/www.vinarstvi-kovar.cz\/en\/wp-json\/wp\/v2\/product\/7037\/revisions\/7180"}],"wp:featuredmedia":[{"embeddable":true,"href":"https:\/\/www.vinarstvi-kovar.cz\/en\/wp-json\/wp\/v2\/media\/7095"}],"wp:attachment":[{"href":"https:\/\/www.vinarstvi-kovar.cz\/en\/wp-json\/wp\/v2\/media?parent=7037"}],"curies":[{"name":"wp","href":"https:\/\/api.w.org\/{rel}","templated":true}]}}