{"id":7039,"date":"2025-03-11T11:11:48","date_gmt":"2025-03-11T10:11:48","guid":{"rendered":"http:\/\/www.vinarstvi-kovar.cz\/?post_type=product&#038;p=7039"},"modified":"2025-04-25T21:30:57","modified_gmt":"2025-04-25T19:30:57","slug":"pinot-noir-2022","status":"publish","type":"product","link":"https:\/\/www.vinarstvi-kovar.cz\/en\/product\/pinot-noir-2022\/","title":{"rendered":"Pinot noir 2022"},"content":{"rendered":"","protected":false},"excerpt":{"rendered":"<p>Barva v\u00edna je tmav\u011b cihlov\u00e1. Ve v\u016fni p\u0159evl\u00e1daj\u00ed lesn\u00ed jahody a doutnaj\u00edc\u00ed d\u0159evo, V chuti t\u00f3ny povidel a jahod s\u00a0p\u0159\u00edjemn\u00fdm projevem u\u0161lechtil\u00e9ho d\u0159eva z\u00a0burgundsk\u00fdch sud, ve kter\u00e9m zr\u00e1lo po dobu 24 m\u011bs\u00edc\u016f.<\/p>","protected":false},"featured_media":7094,"template":"","meta":{"_coblocks_attr":"","_coblocks_dimensions":"","_coblocks_responsive_height":"","_coblocks_accordion_ie_support":""},"_links":{"self":[{"href":"https:\/\/www.vinarstvi-kovar.cz\/en\/wp-json\/wp\/v2\/product\/7039"}],"collection":[{"href":"https:\/\/www.vinarstvi-kovar.cz\/en\/wp-json\/wp\/v2\/product"}],"about":[{"href":"https:\/\/www.vinarstvi-kovar.cz\/en\/wp-json\/wp\/v2\/types\/product"}],"version-history":[{"count":8,"href":"https:\/\/www.vinarstvi-kovar.cz\/en\/wp-json\/wp\/v2\/product\/7039\/revisions"}],"predecessor-version":[{"id":7199,"href":"https:\/\/www.vinarstvi-kovar.cz\/en\/wp-json\/wp\/v2\/product\/7039\/revisions\/7199"}],"wp:featuredmedia":[{"embeddable":true,"href":"https:\/\/www.vinarstvi-kovar.cz\/en\/wp-json\/wp\/v2\/media\/7094"}],"wp:attachment":[{"href":"https:\/\/www.vinarstvi-kovar.cz\/en\/wp-json\/wp\/v2\/media?parent=7039"}],"curies":[{"name":"wp","href":"https:\/\/api.w.org\/{rel}","templated":true}]}}