{"id":7042,"date":"2025-03-11T12:06:08","date_gmt":"2025-03-11T11:06:08","guid":{"rendered":"http:\/\/www.vinarstvi-kovar.cz\/?post_type=product&#038;p=7042"},"modified":"2025-04-25T21:32:38","modified_gmt":"2025-04-25T19:32:38","slug":"merlot-2022","status":"publish","type":"product","link":"https:\/\/www.vinarstvi-kovar.cz\/en\/product\/merlot-2022\/","title":{"rendered":"Merlot 2022"},"content":{"rendered":"","protected":false},"excerpt":{"rendered":"<p>Rub\u00ednov\u011b \u010derven\u00fd Merlot vybran\u00fd ze dvou nejlep\u0161\u00edch sud\u016f, ve kter\u00e9m v\u00edno zr\u00e1lo 24 m\u011bs\u00edc\u016f. Ve v\u016fni lesn\u00ed ovoce a \u010dern\u00fd ryb\u00edz. V\u00a0chuti sametov\u00fd a hebk\u00fd s\u00a0t\u00f3ny kompotovan\u00e9ho lesn\u00edho ovoce a jemn\u00fdm dotekem \u010dokol\u00e1dy.<\/p>\n<p>&nbsp;<\/p>","protected":false},"featured_media":7093,"template":"","meta":{"_coblocks_attr":"","_coblocks_dimensions":"","_coblocks_responsive_height":"","_coblocks_accordion_ie_support":""},"_links":{"self":[{"href":"https:\/\/www.vinarstvi-kovar.cz\/en\/wp-json\/wp\/v2\/product\/7042"}],"collection":[{"href":"https:\/\/www.vinarstvi-kovar.cz\/en\/wp-json\/wp\/v2\/product"}],"about":[{"href":"https:\/\/www.vinarstvi-kovar.cz\/en\/wp-json\/wp\/v2\/types\/product"}],"version-history":[{"count":5,"href":"https:\/\/www.vinarstvi-kovar.cz\/en\/wp-json\/wp\/v2\/product\/7042\/revisions"}],"predecessor-version":[{"id":7203,"href":"https:\/\/www.vinarstvi-kovar.cz\/en\/wp-json\/wp\/v2\/product\/7042\/revisions\/7203"}],"wp:featuredmedia":[{"embeddable":true,"href":"https:\/\/www.vinarstvi-kovar.cz\/en\/wp-json\/wp\/v2\/media\/7093"}],"wp:attachment":[{"href":"https:\/\/www.vinarstvi-kovar.cz\/en\/wp-json\/wp\/v2\/media?parent=7042"}],"curies":[{"name":"wp","href":"https:\/\/api.w.org\/{rel}","templated":true}]}}